{"id":582,"date":"2025-06-25T14:33:36","date_gmt":"2025-06-25T17:33:36","guid":{"rendered":"https:\/\/codigoverdeesg.com.br\/?page_id=582"},"modified":"2025-06-27T19:32:10","modified_gmt":"2025-06-27T22:32:10","slug":"servicos","status":"publish","type":"page","link":"https:\/\/codigoverdeesg.com.br\/?page_id=582","title":{"rendered":"Servi\u00e7os"},"content":{"rendered":"\t\t<div data-elementor-type=\"wp-page\" data-elementor-id=\"582\" class=\"elementor elementor-582\" data-elementor-post-type=\"page\">\n\t\t\t\t<div class=\"elementor-element elementor-element-f8d240e e-flex e-con-boxed e-con e-parent\" data-id=\"f8d240e\" data-element_type=\"container\" data-settings=\"{&quot;ekit_has_onepagescroll_dot&quot;:&quot;yes&quot;}\">\n\t\t\t\t\t<div class=\"e-con-inner\">\n\t\t\t\t<div class=\"elementor-element elementor-element-c402ed8 elementor-widget elementor-widget-heading\" data-id=\"c402ed8\" data-element_type=\"widget\" data-settings=\"{&quot;ekit_we_effect_on&quot;:&quot;none&quot;}\" data-widget_type=\"heading.default\">\n\t\t\t\t<div class=\"elementor-widget-container\">\n\t\t\t\t\t<h2 class=\"elementor-heading-title elementor-size-default\">Por que contratar a C\u00f3digo Verde Corp?<\/h2>\t\t\t\t<\/div>\n\t\t\t\t<\/div>\n\t\t\t\t<div class=\"elementor-element elementor-element-05977f9 elementor-widget elementor-widget-text-editor\" data-id=\"05977f9\" data-element_type=\"widget\" data-settings=\"{&quot;ekit_we_effect_on&quot;:&quot;none&quot;}\" data-widget_type=\"text-editor.default\">\n\t\t\t\t<div class=\"elementor-widget-container\">\n\t\t\t\t\t\t\t\t\t<p>Na C\u00f3digo Verde Corp, acreditamos que sustentabilidade vai muito al\u00e9m de uma obriga\u00e7\u00e3o legal \u2014 ela \u00e9 uma poderosa ferramenta de gera\u00e7\u00e3o de valor, inova\u00e7\u00e3o e vantagem competitiva. Atuamos com uma abordagem 360\u00b0, integrando todas as etapas de um projeto sustent\u00e1vel, desde o diagn\u00f3stico inicial at\u00e9 a obten\u00e7\u00e3o de resultados mensur\u00e1veis e rent\u00e1veis.<\/p><p>Nossos servi\u00e7os incluem:<\/p><p>\u2705 Invent\u00e1rio de Emiss\u00f5es de Gases de Efeito Estufa (GEE): Elaboramos invent\u00e1rios completos conforme os principais protocolos nacionais e internacionais, permitindo \u00e0s empresas entenderem seu impacto ambiental com precis\u00e3o.<\/p><p>\u2705 Projetos de CPR Verde: Desenvolvemos e estruturamos projetos com base na C\u00e9dula de Produto Rural Verde, transformando ativos ambientais em oportunidades econ\u00f4micas sustent\u00e1veis.<\/p><p>\u2705 Projetos de Cr\u00e9dito de Carbono: Atuamos na concep\u00e7\u00e3o, certifica\u00e7\u00e3o e desenvolvimento de projetos que geram cr\u00e9ditos de carbono, com foco em solu\u00e7\u00f5es vi\u00e1veis e de alto impacto ambiental e social.<\/p><p>\u2705 Comercializa\u00e7\u00e3o de Cr\u00e9ditos de Carbono e CPR Verde: Conectamos projetos certificados ao mercado, possibilitando \u00e0s empresas compensarem suas emiss\u00f5es e atingirem suas metas ESG com credibilidade e seguran\u00e7a.<\/p><p>\u2705 Busca de Funding e Investimentos: Apoiamos nossos clientes na capta\u00e7\u00e3o de recursos com parceiros estrat\u00e9gicos, incluindo bancos de desenvolvimento e fundos de impacto, garantindo viabilidade financeira para a execu\u00e7\u00e3o dos projetos.<\/p><p>\u2705 An\u00e1lise de Consumo de Energia: Realizamos diagn\u00f3sticos energ\u00e9ticos em ind\u00fastrias, com\u00e9rcios e empreendimentos diversos, identificando oportunidades de economia, efici\u00eancia e redu\u00e7\u00e3o de pegada de carbono.<\/p><p>\u2705 Monitoramento Ambiental: Utilizamos tecnologias de ponta para o acompanhamento e controle de \u00e1reas ambientais, garantindo conformidade, seguran\u00e7a jur\u00eddica e valoriza\u00e7\u00e3o dos ativos naturais.<\/p><p>\u00a0<\/p><p><b>Cr\u00e9dito Carbono: <\/b><\/p><p>\u00a0 O mercado de Cr\u00e9dito Carbono est\u00e1 crescendo exponencialmente \u00e0 medida que empresas e governos buscam reduzir suas pegadas de carbono e atingir metas clim\u00e1ticas. Nossa abordagem oferece uma solu\u00e7\u00e3o completa, que abrange desde Projetos, Certifica\u00e7\u00e3o de Projetos de compensa\u00e7\u00e3o de carbono, passando pela compra e venda de cr\u00e9ditos, at\u00e9 a implementa\u00e7\u00e3o de projetos que geram esses ativos.<\/p><ul><li><b>Desenvolvimento de Projetos:<\/b> trabalhamos na concep\u00e7\u00e3o e implementa\u00e7\u00e3o de projetos que visam a gera\u00e7\u00e3o de cr\u00e9ditos de carbono, ajudando empresas e governos a compensar suas emiss\u00f5es e a criar valor econ\u00f4mico.<\/li><li><b>Certifica\u00e7\u00e3o de Cr\u00e9dito de Carbono: <\/b>garantimos que os projetos sejam verificados e certificados de acordo com os mais rigorosos padr\u00f5es internacionais.<\/li><li><b>Compra e Venda de Cr\u00e9ditos Carbono:<\/b> conectamos compradores e vendedores para maximizar o valor econ\u00f4mico e ambiental desses cr\u00e9ditos.<\/li><li>\u00a0<\/li><\/ul><p><b>Benef\u00edcios: <\/b><\/p><ul><li>Cumprimento de metas de ESG;<\/li><li>Valoriza\u00e7\u00e3o da marca pela responsabilidade ambiental;<\/li><li>Gera\u00e7\u00e3o de novas fontes de receita atrav\u00e9s de venda de cr\u00e9ditos excedentes.<\/li><\/ul>\t\t\t\t\t\t\t\t<\/div>\n\t\t\t\t<\/div>\n\t\t\t\t\t<\/div>\n\t\t\t\t<\/div>\n\t\t\t\t<\/div>\n\t\t","protected":false},"excerpt":{"rendered":"<p>Por que contratar a C\u00f3digo Verde Corp? Na C\u00f3digo Verde Corp, acreditamos que sustentabilidade vai muito al\u00e9m de uma obriga\u00e7\u00e3o legal \u2014 ela \u00e9 uma poderosa ferramenta de gera\u00e7\u00e3o de valor, inova\u00e7\u00e3o e vantagem competitiva. Atuamos com uma abordagem 360\u00b0, integrando todas as etapas de um projeto sustent\u00e1vel, desde o diagn\u00f3stico inicial at\u00e9 a obten\u00e7\u00e3o [&hellip;]<\/p>\n","protected":false},"author":1,"featured_media":0,"parent":0,"menu_order":0,"comment_status":"closed","ping_status":"closed","template":"","meta":{"footnotes":""},"class_list":["post-582","page","type-page","status-publish","hentry"],"_links":{"self":[{"href":"https:\/\/codigoverdeesg.com.br\/index.php?rest_route=\/wp\/v2\/pages\/582","targetHints":{"allow":["GET"]}}],"collection":[{"href":"https:\/\/codigoverdeesg.com.br\/index.php?rest_route=\/wp\/v2\/pages"}],"about":[{"href":"https:\/\/codigoverdeesg.com.br\/index.php?rest_route=\/wp\/v2\/types\/page"}],"author":[{"embeddable":true,"href":"https:\/\/codigoverdeesg.com.br\/index.php?rest_route=\/wp\/v2\/users\/1"}],"replies":[{"embeddable":true,"href":"https:\/\/codigoverdeesg.com.br\/index.php?rest_route=%2Fwp%2Fv2%2Fcomments&post=582"}],"version-history":[{"count":0,"href":"https:\/\/codigoverdeesg.com.br\/index.php?rest_route=\/wp\/v2\/pages\/582\/revisions"}],"wp:attachment":[{"href":"https:\/\/codigoverdeesg.com.br\/index.php?rest_route=%2Fwp%2Fv2%2Fmedia&parent=582"}],"curies":[{"name":"wp","href":"https:\/\/api.w.org\/{rel}","templated":true}]}}