{"id":1462,"date":"2025-08-27T11:16:20","date_gmt":"2025-08-27T14:16:20","guid":{"rendered":"https:\/\/codigoverdeesg.com.br\/?page_id=1462"},"modified":"2025-08-27T11:23:25","modified_gmt":"2025-08-27T14:23:25","slug":"cpr-verde","status":"publish","type":"page","link":"https:\/\/codigoverdeesg.com.br\/?page_id=1462","title":{"rendered":"CPR VERDE"},"content":{"rendered":"\t\t<div data-elementor-type=\"wp-page\" data-elementor-id=\"1462\" class=\"elementor elementor-1462\" data-elementor-post-type=\"page\">\n\t\t\t\t<div class=\"elementor-element elementor-element-5037496 e-flex e-con-boxed e-con e-parent\" data-id=\"5037496\" data-element_type=\"container\" data-settings=\"{&quot;ekit_has_onepagescroll_dot&quot;:&quot;yes&quot;}\">\n\t\t\t\t\t<div class=\"e-con-inner\">\n\t\t\t\t<div class=\"elementor-element elementor-element-b3fcfba elementor-widget elementor-widget-heading\" data-id=\"b3fcfba\" data-element_type=\"widget\" data-settings=\"{&quot;ekit_we_effect_on&quot;:&quot;none&quot;}\" data-widget_type=\"heading.default\">\n\t\t\t\t<div class=\"elementor-widget-container\">\n\t\t\t\t\t<h2 class=\"elementor-heading-title elementor-size-default\">CPR VERDE<\/h2>\t\t\t\t<\/div>\n\t\t\t\t<\/div>\n\t\t\t\t\t<\/div>\n\t\t\t\t<\/div>\n\t\t<div class=\"elementor-element elementor-element-10ba52d e-flex e-con-boxed e-con e-parent\" data-id=\"10ba52d\" data-element_type=\"container\" data-settings=\"{&quot;ekit_has_onepagescroll_dot&quot;:&quot;yes&quot;}\">\n\t\t\t\t\t<div class=\"e-con-inner\">\n\t\t<div class=\"elementor-element elementor-element-a745067 e-con-full e-flex e-con e-child\" data-id=\"a745067\" data-element_type=\"container\" data-settings=\"{&quot;ekit_has_onepagescroll_dot&quot;:&quot;yes&quot;}\">\n\t\t\t\t<div class=\"elementor-element elementor-element-2d30b98 elementor-widget elementor-widget-text-editor\" data-id=\"2d30b98\" data-element_type=\"widget\" data-settings=\"{&quot;ekit_we_effect_on&quot;:&quot;none&quot;}\" data-widget_type=\"text-editor.default\">\n\t\t\t\t<div class=\"elementor-widget-container\">\n\t\t\t\t\t\t\t\t\t<p><b>O que \u00e9 CPR Verde?<\/b><\/p><p>\u00d8T\u00edtulo de cr\u00e9dito para financiar atividades ambientais<\/p><p>\u00d8Emitida por produtores que promovem conserva\u00e7\u00e3o, reflorestamento ou boas pr\u00e1ticas<\/p><p>\u00d8Gera\u00e7\u00e3o de receita a partir de ativos ambientais<\/p><p>\u00fc<\/p><p><b>Aplicabilidade para o Setor do Agropecu\u00e1rio<\/b><\/p><p>\u00fc<\/p><p>\u00d8Preserva\u00e7\u00e3o de APPs<\/p><p>\u00d8Restaura\u00e7\u00e3o de vegeta\u00e7\u00e3o nativa<\/p><p>\u00d8Agricultura de baixo carbono<\/p><p>\u00d8Redu\u00e7\u00e3o de emiss\u00f5es agr\u00edcolas<\/p><p>\u00d8<\/p><p><b>CPR Verde e o CDO<\/b><\/p><p>\u00d8Estudo da C\u00f3digo Verde para aceita\u00e7\u00e3o da CPR Verde como compensa\u00e7\u00e3o de CDO<\/p><p>\u00d8Necess\u00e1ria aprova\u00e7\u00e3o do IRGA e Secretaria da Agricultura<\/p><p>\u00d8Potencial redu\u00e7\u00e3o de desembolso direto dos produtores<\/p>\t\t\t\t\t\t\t\t<\/div>\n\t\t\t\t<\/div>\n\t\t\t\t<\/div>\n\t\t<div class=\"elementor-element elementor-element-822e646 e-con-full e-flex e-con e-child\" data-id=\"822e646\" data-element_type=\"container\" data-settings=\"{&quot;ekit_has_onepagescroll_dot&quot;:&quot;yes&quot;}\">\n\t\t\t\t<div class=\"elementor-element elementor-element-ef9efa9 elementor-widget elementor-widget-text-editor\" data-id=\"ef9efa9\" data-element_type=\"widget\" data-settings=\"{&quot;ekit_we_effect_on&quot;:&quot;none&quot;}\" data-widget_type=\"text-editor.default\">\n\t\t\t\t<div class=\"elementor-widget-container\">\n\t\t\t\t\t\t\t\t\t<p><b>Benef\u00edcios <\/b><\/p><p>\u00d8Redu\u00e7\u00e3o de custos com tributos<\/p><p>\u00d8Gera\u00e7\u00e3o de nova receita<\/p><p>\u00d8Valoriza\u00e7\u00e3o da propriedade<\/p><p>\u00d8Acesso a cr\u00e9dito com taxas verdes<\/p><p>\u00d8Fortalecimento da imagem ESG<\/p><p><b>Pr\u00f3ximos Passos<\/b><\/p><p>\u00fc<\/p><p>\u00d8Articula\u00e7\u00e3o com IRGA e Receita Federal<\/p><p>\u00d8Sele\u00e7\u00e3o de \u00e1reas-piloto<\/p><p>\u00d8Estrutura\u00e7\u00e3o de fundo para compra de CPRs<\/p><p>\u00d8Coleta de cartas de inten\u00e7\u00e3o<\/p><p>\u00d8<\/p><p><b>Conclus\u00e3o<\/b><\/p><p>\u00d8A CPR Verde permite reduzir tributos e gerar receita com sustentabilidade.<\/p><p>\u00d8A C\u00f3digo Verde conduz todo o processo com seguran\u00e7a t\u00e9cnica e jur\u00eddica.<\/p>\t\t\t\t\t\t\t\t<\/div>\n\t\t\t\t<\/div>\n\t\t\t\t<\/div>\n\t\t\t\t\t<\/div>\n\t\t\t\t<\/div>\n\t\t<div class=\"elementor-element elementor-element-727aecd e-flex e-con-boxed e-con e-parent\" data-id=\"727aecd\" data-element_type=\"container\" data-settings=\"{&quot;ekit_has_onepagescroll_dot&quot;:&quot;yes&quot;}\">\n\t\t\t\t\t<div class=\"e-con-inner\">\n\t\t\t\t<div class=\"elementor-element elementor-element-edba398 elementor-widget elementor-widget-image\" data-id=\"edba398\" data-element_type=\"widget\" data-settings=\"{&quot;ekit_we_effect_on&quot;:&quot;none&quot;}\" data-widget_type=\"image.default\">\n\t\t\t\t<div class=\"elementor-widget-container\">\n\t\t\t\t\t\t\t\t\t\t\t\t\t\t\t<img fetchpriority=\"high\" decoding=\"async\" width=\"800\" height=\"454\" src=\"https:\/\/codigoverdeesg.com.br\/wp-content\/uploads\/2025\/08\/cpr-verde-2-1024x581.jpg\" class=\"attachment-large size-large wp-image-1471\" alt=\"\" srcset=\"https:\/\/codigoverdeesg.com.br\/wp-content\/uploads\/2025\/08\/cpr-verde-2-1024x581.jpg 1024w, https:\/\/codigoverdeesg.com.br\/wp-content\/uploads\/2025\/08\/cpr-verde-2-300x170.jpg 300w, https:\/\/codigoverdeesg.com.br\/wp-content\/uploads\/2025\/08\/cpr-verde-2-768x436.jpg 768w, https:\/\/codigoverdeesg.com.br\/wp-content\/uploads\/2025\/08\/cpr-verde-2.jpg 1128w\" sizes=\"(max-width: 800px) 100vw, 800px\" \/>\t\t\t\t\t\t\t\t\t\t\t\t\t\t\t<\/div>\n\t\t\t\t<\/div>\n\t\t\t\t\t<\/div>\n\t\t\t\t<\/div>\n\t\t\t\t<\/div>\n\t\t","protected":false},"excerpt":{"rendered":"<p>CPR VERDE O que \u00e9 CPR Verde? \u00d8T\u00edtulo de cr\u00e9dito para financiar atividades ambientais \u00d8Emitida por produtores que promovem conserva\u00e7\u00e3o, reflorestamento ou boas pr\u00e1ticas \u00d8Gera\u00e7\u00e3o de receita a partir de ativos ambientais \u00fc Aplicabilidade para o Setor do Agropecu\u00e1rio \u00fc \u00d8Preserva\u00e7\u00e3o de APPs \u00d8Restaura\u00e7\u00e3o de vegeta\u00e7\u00e3o nativa \u00d8Agricultura de baixo carbono \u00d8Redu\u00e7\u00e3o de emiss\u00f5es agr\u00edcolas [&hellip;]<\/p>\n","protected":false},"author":1,"featured_media":0,"parent":0,"menu_order":0,"comment_status":"closed","ping_status":"closed","template":"","meta":{"footnotes":""},"class_list":["post-1462","page","type-page","status-publish","hentry"],"_links":{"self":[{"href":"https:\/\/codigoverdeesg.com.br\/index.php?rest_route=\/wp\/v2\/pages\/1462","targetHints":{"allow":["GET"]}}],"collection":[{"href":"https:\/\/codigoverdeesg.com.br\/index.php?rest_route=\/wp\/v2\/pages"}],"about":[{"href":"https:\/\/codigoverdeesg.com.br\/index.php?rest_route=\/wp\/v2\/types\/page"}],"author":[{"embeddable":true,"href":"https:\/\/codigoverdeesg.com.br\/index.php?rest_route=\/wp\/v2\/users\/1"}],"replies":[{"embeddable":true,"href":"https:\/\/codigoverdeesg.com.br\/index.php?rest_route=%2Fwp%2Fv2%2Fcomments&post=1462"}],"version-history":[{"count":9,"href":"https:\/\/codigoverdeesg.com.br\/index.php?rest_route=\/wp\/v2\/pages\/1462\/revisions"}],"predecessor-version":[{"id":1474,"href":"https:\/\/codigoverdeesg.com.br\/index.php?rest_route=\/wp\/v2\/pages\/1462\/revisions\/1474"}],"wp:attachment":[{"href":"https:\/\/codigoverdeesg.com.br\/index.php?rest_route=%2Fwp%2Fv2%2Fmedia&parent=1462"}],"curies":[{"name":"wp","href":"https:\/\/api.w.org\/{rel}","templated":true}]}}