{"id":1237,"date":"2025-06-28T09:51:23","date_gmt":"2025-06-28T12:51:23","guid":{"rendered":"https:\/\/codigoverdeesg.com.br\/?page_id=1237"},"modified":"2025-06-28T09:56:17","modified_gmt":"2025-06-28T12:56:17","slug":"regulamentacao","status":"publish","type":"page","link":"https:\/\/codigoverdeesg.com.br\/?page_id=1237","title":{"rendered":"Regulamenta\u00e7\u00e3o"},"content":{"rendered":"\t\t<div data-elementor-type=\"wp-page\" data-elementor-id=\"1237\" class=\"elementor elementor-1237\" data-elementor-post-type=\"page\">\n\t\t\t\t<div class=\"elementor-element elementor-element-4238683 e-flex e-con-boxed e-con e-parent\" data-id=\"4238683\" data-element_type=\"container\" data-settings=\"{&quot;ekit_has_onepagescroll_dot&quot;:&quot;yes&quot;}\">\n\t\t\t\t\t<div class=\"e-con-inner\">\n\t\t\t\t<div class=\"elementor-element elementor-element-d2643d6 elementor-widget elementor-widget-heading\" data-id=\"d2643d6\" data-element_type=\"widget\" data-settings=\"{&quot;ekit_we_effect_on&quot;:&quot;none&quot;}\" data-widget_type=\"heading.default\">\n\t\t\t\t<div class=\"elementor-widget-container\">\n\t\t\t\t\t<h2 class=\"elementor-heading-title elementor-size-default\">Regulamenta\u00e7\u00e3o<\/h2>\t\t\t\t<\/div>\n\t\t\t\t<\/div>\n\t\t\t\t\t<\/div>\n\t\t\t\t<\/div>\n\t\t<div class=\"elementor-element elementor-element-7d3b351 e-flex e-con-boxed e-con e-parent\" data-id=\"7d3b351\" data-element_type=\"container\" data-settings=\"{&quot;ekit_has_onepagescroll_dot&quot;:&quot;yes&quot;}\">\n\t\t\t\t\t<div class=\"e-con-inner\">\n\t\t\t\t<div class=\"elementor-element elementor-element-2bb9601 elementor-widget elementor-widget-text-editor\" data-id=\"2bb9601\" data-element_type=\"widget\" data-settings=\"{&quot;ekit_we_effect_on&quot;:&quot;none&quot;}\" data-widget_type=\"text-editor.default\">\n\t\t\t\t<div class=\"elementor-widget-container\">\n\t\t\t\t\t\t\t\t\t<p>\u00a0<strong>Lei n\u00ba 15.042\/2024<\/strong> \u2013 Regulamenta o Mercado Regulado de Carbono no Brasil A Lei 15.042\/2024 foi sancionada em 11\/12\/2024, estabelecendo a cria\u00e7\u00e3o do mercado regulado de carbono no Brasil, bem como instituindo o SBCE (Sistema Brasileiro de Com\u00e9rcio de Emiss\u00e3o de Gases de Efeito Estufa). O Objetivo principal \u00e9 incentivar a redu\u00e7\u00e3o das emiss\u00f5es de gases de efeito estufa (GEE) e alinhar o desenvolvimento econ\u00f4mico \u00e0s metas clim\u00e1ticas internacionais. O SBCE funcionar\u00e1 sob o modelo de \u201ccap-and-trade\u201d, no qual s\u00e3o definidos tetos m\u00e1ximos de\u00a0 emiss\u00e3o para diferentes setores da economia. As empresas que emitirem menos do que o limite estabelecido poder\u00e3o comercializar suas cotas excedentes com aquelas que ultrapassarem seus limites, promovendo, assim, um incentivo econ\u00f4mico para redu\u00e7\u00e3o de emiss\u00f5es<\/p>\t\t\t\t\t\t\t\t<\/div>\n\t\t\t\t<\/div>\n\t\t\t\t\t<\/div>\n\t\t\t\t<\/div>\n\t\t<div class=\"elementor-element elementor-element-c2cd1c9 e-flex e-con-boxed e-con e-parent\" data-id=\"c2cd1c9\" data-element_type=\"container\" data-settings=\"{&quot;ekit_has_onepagescroll_dot&quot;:&quot;yes&quot;}\">\n\t\t\t\t\t<div class=\"e-con-inner\">\n\t\t\t\t<div class=\"elementor-element elementor-element-7d2aeea elementor-widget elementor-widget-text-editor\" data-id=\"7d2aeea\" data-element_type=\"widget\" data-settings=\"{&quot;ekit_we_effect_on&quot;:&quot;none&quot;}\" data-widget_type=\"text-editor.default\">\n\t\t\t\t<div class=\"elementor-widget-container\">\n\t\t\t\t\t\t\t\t\t<p>\u00a0A implementa\u00e7\u00e3o do SBCE ocorrer\u00e1 de forma gradual, dividida em cinco fases ao longo de seis anos:1.<strong> Fase I:<\/strong> per\u00edodo de 12 (doze) meses, prorrog\u00e1vel por mais 12 (doze) meses, para publica\u00e7\u00e3o da regulamenta\u00e7\u00e3o da lei; 2.<strong> Fase II:<\/strong> dura\u00e7\u00e3o de um ano para implementa\u00e7\u00e3o de instrumentos destinados ao relat\u00f3rio de emiss\u00f5es pelos operadores; 3. <strong>Fase III:<\/strong> per\u00edodo de 2 (dois) anos, durante o qual os operadores estar\u00e3o sujeitos apenas \u00e0 obriga\u00e7\u00f5es de apresentar um plano de monitoramento e relat\u00f3rios anuais de emiss\u00f5es e remo\u00e7\u00f5es de GEE;\u00a04.\u00a0 <strong>Fase IV:<\/strong> introdu\u00e7\u00e3o gradual das obriga\u00e7\u00f5es de conformidade, com metas de redu\u00e7\u00e3o de emiss\u00f5es para setores espec\u00edficos; 5.<strong> Fase V<\/strong>: Implementa\u00e7\u00e3o pela do SBCE, com todas as obriga\u00e7\u00f5es de conformidade em vigor.<\/p>\t\t\t\t\t\t\t\t<\/div>\n\t\t\t\t<\/div>\n\t\t\t\t\t<\/div>\n\t\t\t\t<\/div>\n\t\t<div class=\"elementor-element elementor-element-a5edadb e-flex e-con-boxed e-con e-parent\" data-id=\"a5edadb\" data-element_type=\"container\" data-settings=\"{&quot;ekit_has_onepagescroll_dot&quot;:&quot;yes&quot;}\">\n\t\t\t\t\t<div class=\"e-con-inner\">\n\t\t\t\t<div class=\"elementor-element elementor-element-c3bf435 elementor-widget elementor-widget-text-editor\" data-id=\"c3bf435\" data-element_type=\"widget\" data-settings=\"{&quot;ekit_we_effect_on&quot;:&quot;none&quot;}\" data-widget_type=\"text-editor.default\">\n\t\t\t\t<div class=\"elementor-widget-container\">\n\t\t\t\t\t\t\t\t\t<p><strong>O SBCE \u00e9 composto por dois segmentos:<\/strong><\/p><p>\u2713 Mercado Regulado: que envolve iniciativas do poder p\u00fablico e estabelece limites obrigat\u00f3rios de emiss\u00f5es <br \/>para setores espec\u00edficos;<\/p><p>\u2713 Mercado Volunt\u00e1rio: destinado \u00e0 iniciativa privada, que permite a compensa\u00e7\u00e3o volunt\u00e1ria de emiss\u00f5es <br \/>por meio da compra de cr\u00e9ditos de carbono.<\/p><p>A cria\u00e7\u00e3o do SBCE representa um avan\u00e7o significativo para o Brasil no cumprimento de suas metas clim\u00e1ticas, <br \/>promovendo a redu\u00e7\u00e3o de emiss\u00f5es de GEE e incentivando a transi\u00e7\u00e3o para um economia de baixo carbono<\/p>\t\t\t\t\t\t\t\t<\/div>\n\t\t\t\t<\/div>\n\t\t\t\t\t<\/div>\n\t\t\t\t<\/div>\n\t\t\t\t<\/div>\n\t\t","protected":false},"excerpt":{"rendered":"<p>Regulamenta\u00e7\u00e3o \u00a0Lei n\u00ba 15.042\/2024 \u2013 Regulamenta o Mercado Regulado de Carbono no Brasil A Lei 15.042\/2024 foi sancionada em 11\/12\/2024, estabelecendo a cria\u00e7\u00e3o do mercado regulado de carbono no Brasil, bem como instituindo o SBCE (Sistema Brasileiro de Com\u00e9rcio de Emiss\u00e3o de Gases de Efeito Estufa). O Objetivo principal \u00e9 incentivar a redu\u00e7\u00e3o das emiss\u00f5es [&hellip;]<\/p>\n","protected":false},"author":1,"featured_media":0,"parent":0,"menu_order":0,"comment_status":"closed","ping_status":"closed","template":"","meta":{"footnotes":""},"class_list":["post-1237","page","type-page","status-publish","hentry"],"_links":{"self":[{"href":"https:\/\/codigoverdeesg.com.br\/index.php?rest_route=\/wp\/v2\/pages\/1237","targetHints":{"allow":["GET"]}}],"collection":[{"href":"https:\/\/codigoverdeesg.com.br\/index.php?rest_route=\/wp\/v2\/pages"}],"about":[{"href":"https:\/\/codigoverdeesg.com.br\/index.php?rest_route=\/wp\/v2\/types\/page"}],"author":[{"embeddable":true,"href":"https:\/\/codigoverdeesg.com.br\/index.php?rest_route=\/wp\/v2\/users\/1"}],"replies":[{"embeddable":true,"href":"https:\/\/codigoverdeesg.com.br\/index.php?rest_route=%2Fwp%2Fv2%2Fcomments&post=1237"}],"version-history":[{"count":22,"href":"https:\/\/codigoverdeesg.com.br\/index.php?rest_route=\/wp\/v2\/pages\/1237\/revisions"}],"predecessor-version":[{"id":1259,"href":"https:\/\/codigoverdeesg.com.br\/index.php?rest_route=\/wp\/v2\/pages\/1237\/revisions\/1259"}],"wp:attachment":[{"href":"https:\/\/codigoverdeesg.com.br\/index.php?rest_route=%2Fwp%2Fv2%2Fmedia&parent=1237"}],"curies":[{"name":"wp","href":"https:\/\/api.w.org\/{rel}","templated":true}]}}